{"id":3538,"date":"2016-05-30T12:23:31","date_gmt":"2016-05-30T12:23:31","guid":{"rendered":"http:\/\/www.romconvert.ro\/new\/?page_id=3538"},"modified":"2016-06-06T08:26:33","modified_gmt":"2016-06-06T08:26:33","slug":"sacd","status":"publish","type":"page","link":"https:\/\/www.romconvert.ro\/new\/index.php\/sacd\/","title":{"rendered":"SACD"},"content":{"rendered":"\n<style type=\"text\/css\" data-created_by=\"avia_inline_auto\" id=\"style-css-av-av_section-541a21edc89c4228c055bf0ea5d58e9e\">\n.avia-section.av-av_section-541a21edc89c4228c055bf0ea5d58e9e{\nbackground-color:#303030;\nbackground-image:unset;\n}\n<\/style>\n<div id='av_section_1'  class='avia-section av-av_section-541a21edc89c4228c055bf0ea5d58e9e main_color avia-section-default avia-no-shadow  avia-builder-el-0  el_before_av_section  avia-builder-el-first  avia-bg-style-scroll container_wrap sidebar_right'  ><div class='container av-section-cont-open' ><main  role=\"main\" itemprop=\"mainContentOfPage\"  class='template-page content  av-content-small alpha units'><div class='post-entry post-entry-type-page post-entry-3538'><div class='entry-content-wrapper clearfix'>\n<section  class='av_textblock_section av-av_textblock-0366cc7376be6c9e82a3e9cc8987b64f '   itemscope=\"itemscope\" itemtype=\"https:\/\/schema.org\/CreativeWork\" ><div class='avia_textblock'  itemprop=\"text\" ><h3 style=\"text-align: center;\"><span style=\"color: #ffffff;\">SISTEM AUTOMAT DE C\u00c2NT\u0102RIRE-DOZARE &#8211; SACD<\/span><\/h3>\n<\/div><\/section>\n\n<\/div><\/div><\/main><!-- close content main element --><\/div><\/div><div id='av_section_2'  class='avia-section av-av_section-915b33fd1d6006bfc684ade488387eaf main_color avia-section-default avia-no-border-styling  avia-builder-el-2  el_after_av_section  el_before_av_section  avia-bg-style-scroll container_wrap sidebar_right'  ><div class='container av-section-cont-open' ><div class='template-page content  av-content-small alpha units'><div class='post-entry post-entry-type-page post-entry-3538'><div class='entry-content-wrapper clearfix'>\n\n<style type=\"text\/css\" data-created_by=\"avia_inline_auto\" id=\"style-css-av-av_heading-3c61b7d8dc23c99a36c9715344bc453b\">\n#top .av-special-heading.av-av_heading-3c61b7d8dc23c99a36c9715344bc453b{\npadding-bottom:10px;\ncolor:#020202;\n}\nbody .av-special-heading.av-av_heading-3c61b7d8dc23c99a36c9715344bc453b .av-special-heading-tag .heading-char{\nfont-size:25px;\n}\n.av-special-heading.av-av_heading-3c61b7d8dc23c99a36c9715344bc453b .special-heading-inner-border{\nborder-color:#020202;\n}\n.av-special-heading.av-av_heading-3c61b7d8dc23c99a36c9715344bc453b .av-subheading{\nfont-size:16px;\n}\n<\/style>\n<div  class='av-special-heading av-av_heading-3c61b7d8dc23c99a36c9715344bc453b av-special-heading-h2 custom-color-heading blockquote modern-quote modern-centered  avia-builder-el-3  avia-builder-el-no-sibling '><h2 class='av-special-heading-tag '  itemprop=\"headline\"  >Informa\u021bii Generale<\/h2><div class='av_custom_color av-subheading av-subheading_below'><p>Sistemul automat de c\u00e2nt\u0103rire-dozare &#8211; SACD asigur\u0103 supravegherea, conducerea \u015fi reglarea procesului tehnologic de fabrica\u0163ie, precum \u015fi stocarea datelor referitoare la realizarea produselor finite din cadrul fabricilor de nutre\u0163uri concentrate, sta\u0163iilor de betoane \u015fi a altor unit\u0103\u0163i industriale unde exist\u0103 necesitatea c\u00e2nt\u0103ririi \u015fi\/sau doz\u0103rii de diferite componente.<\/p>\n<\/div><div class=\"special-heading-border\"><div class=\"special-heading-inner-border\"><\/div><\/div><\/div>\n\n<\/div><\/div><\/div><!-- close content main div --><\/div><\/div><div id='av_section_3'  class='avia-section av-av_section-d18d8c2c81d10022ebd21ffa95322c35 main_color avia-section-default avia-no-shadow  avia-builder-el-4  el_after_av_section  el_before_av_section  avia-bg-style-scroll container_wrap sidebar_right'  ><div class='container av-section-cont-open' ><div class='template-page content  av-content-small alpha units'><div class='post-entry post-entry-type-page post-entry-3538'><div class='entry-content-wrapper clearfix'>\n\n<style type=\"text\/css\" data-created_by=\"avia_inline_auto\" id=\"style-css-av-av_two_third-9497bbf8bff73ea4c6992cc17fa9ec36\">\n.flex_column.av-av_two_third-9497bbf8bff73ea4c6992cc17fa9ec36{\nborder-radius:0px 0px 0px 0px;\npadding:0px 0px 0px 0px;\n}\n<\/style>\n<div  class='flex_column av-av_two_third-9497bbf8bff73ea4c6992cc17fa9ec36 av_two_third  avia-builder-el-5  el_before_av_one_third  avia-builder-el-first  first flex_column_div av-zero-column-padding  '     ><p>\n<style type=\"text\/css\" data-created_by=\"avia_inline_auto\" id=\"style-css-av-av_heading-ddd9a3823d3d7861b26b9c7c3bb7df41\">\n#top .av-special-heading.av-av_heading-ddd9a3823d3d7861b26b9c7c3bb7df41{\npadding-bottom:10px;\n}\nbody .av-special-heading.av-av_heading-ddd9a3823d3d7861b26b9c7c3bb7df41 .av-special-heading-tag .heading-char{\nfont-size:25px;\n}\n.av-special-heading.av-av_heading-ddd9a3823d3d7861b26b9c7c3bb7df41 .av-subheading{\nfont-size:15px;\n}\n<\/style>\n<div  class='av-special-heading av-av_heading-ddd9a3823d3d7861b26b9c7c3bb7df41 av-special-heading-h3 blockquote modern-quote  avia-builder-el-6  el_before_av_textblock  avia-builder-el-first '><h3 class='av-special-heading-tag '  itemprop=\"headline\"  >Informa\u021bii generale<\/h3><div class='av-subheading av-subheading_below'><p>Sistemul informa\u0163ional func\u0163ioneaz\u0103 \u00een timp real, exist\u00e2nd o distribu\u0163ie pe niveluri de importan\u0163\u0103 a datelor primite de la procesul tehnologic:<\/p>\n<\/div><div class=\"special-heading-border\"><div class=\"special-heading-inner-border\"><\/div><\/div><\/div><br \/>\n\n<style type=\"text\/css\" data-created_by=\"avia_inline_auto\" id=\"style-css-av-av_textblock-fae8699d538200a543ba402659dba9b0\">\n#top .av_textblock_section.av-av_textblock-fae8699d538200a543ba402659dba9b0 .avia_textblock{\nfont-size:16px;\n}\n<\/style>\n<section  class='av_textblock_section av-av_textblock-fae8699d538200a543ba402659dba9b0 '   itemscope=\"itemscope\" itemtype=\"https:\/\/schema.org\/CreativeWork\" ><div class='avia_textblock'  itemprop=\"text\" ><ul>\n<ul>\n<ul>\n<li style=\"text-align: left;\">pe nivelul I, corespunz\u0103tor achizi\u0163iei datelor \u015fi conducerii procesului tehnologic, este utilizat un microcalculator cu func\u0163ionare \u00een timp real;<\/li>\n<li style=\"text-align: left;\">pe nivelul II, corespunz\u0103tor prelucr\u0103rii datelor furnizate de microsistem, este implementat\u0103 o arhitectur\u0103 software capabil\u0103 s\u0103 asigure gestiunea datelor referitoare la realizarea produselor finite.<\/li>\n<\/ul>\n<\/ul>\n<\/ul>\n<\/div><\/section><\/p><\/div>\n<style type=\"text\/css\" data-created_by=\"avia_inline_auto\" id=\"style-css-av-av_one_third-9c1d454dc06f7247226bc4e8f931daae\">\n.flex_column.av-av_one_third-9c1d454dc06f7247226bc4e8f931daae{\nborder-radius:0px 0px 0px 0px;\npadding:0px 0px 0px 0px;\n}\n<\/style>\n<div  class='flex_column av-av_one_third-9c1d454dc06f7247226bc4e8f931daae av_one_third  avia-builder-el-8  el_after_av_two_third  avia-builder-el-last  flex_column_div av-zero-column-padding  '     ><style type=\"text\/css\" data-created_by=\"avia_inline_auto\" id=\"style-css-av-av_image-06b45f79022d5a6e03002feba3983ddc\">\n.avia-image-container.av-av_image-06b45f79022d5a6e03002feba3983ddc img.avia_image{\nbox-shadow:none;\n}\n.avia-image-container.av-av_image-06b45f79022d5a6e03002feba3983ddc .av-image-caption-overlay-center{\ncolor:#ffffff;\n}\n<\/style>\n<div  class='avia-image-container av-av_image-06b45f79022d5a6e03002feba3983ddc av-styling- avia-align-center  avia-builder-el-9  avia-builder-el-no-sibling '   itemprop=\"image\" itemscope=\"itemscope\" itemtype=\"https:\/\/schema.org\/ImageObject\" ><div class=\"avia-image-container-inner\"><div class=\"avia-image-overlay-wrap\"><img decoding=\"async\" fetchpriority=\"high\" class='wp-image-3544 avia-img-lazy-loading-not-3544 avia_image ' src=\"https:\/\/www.romconvert.ro\/new\/wp-content\/uploads\/2016\/05\/01-imaginea-mare--300x120.jpg\" alt='' title='01 imaginea mare'  height=\"120\" width=\"300\"  itemprop=\"thumbnailUrl\" srcset=\"https:\/\/www.romconvert.ro\/new\/wp-content\/uploads\/2016\/05\/01-imaginea-mare--300x120.jpg 300w, https:\/\/www.romconvert.ro\/new\/wp-content\/uploads\/2016\/05\/01-imaginea-mare--705x281.jpg 705w, https:\/\/www.romconvert.ro\/new\/wp-content\/uploads\/2016\/05\/01-imaginea-mare--450x180.jpg 450w, https:\/\/www.romconvert.ro\/new\/wp-content\/uploads\/2016\/05\/01-imaginea-mare-.jpg 757w\" sizes=\"(max-width: 300px) 100vw, 300px\" \/><\/div><\/div><\/div><\/div>\n\n<\/div><\/div><\/div><!-- close content main div --><\/div><\/div><div id='av_section_4'  class='avia-section av-av_section-d18d8c2c81d10022ebd21ffa95322c35 main_color avia-section-default avia-no-shadow  avia-builder-el-10  el_after_av_section  el_before_av_section  avia-bg-style-scroll container_wrap sidebar_right'  ><div class='container av-section-cont-open' ><div class='template-page content  av-content-small alpha units'><div class='post-entry post-entry-type-page post-entry-3538'><div class='entry-content-wrapper clearfix'>\n\n<style type=\"text\/css\" data-created_by=\"avia_inline_auto\" id=\"style-css-av-av_one_full-9497bbf8bff73ea4c6992cc17fa9ec36\">\n.flex_column.av-av_one_full-9497bbf8bff73ea4c6992cc17fa9ec36{\nborder-radius:0px 0px 0px 0px;\npadding:0px 0px 0px 0px;\n}\n<\/style>\n<div  class='flex_column av-av_one_full-9497bbf8bff73ea4c6992cc17fa9ec36 av_one_full  avia-builder-el-11  el_before_av_two_third  avia-builder-el-first  first flex_column_div av-zero-column-padding  '     ><style type=\"text\/css\" data-created_by=\"avia_inline_auto\" id=\"style-css-av-av_heading-a7cc6ce5314ff2594bed571d3ad2727a\">\n#top .av-special-heading.av-av_heading-a7cc6ce5314ff2594bed571d3ad2727a{\npadding-bottom:10px;\n}\nbody .av-special-heading.av-av_heading-a7cc6ce5314ff2594bed571d3ad2727a .av-special-heading-tag .heading-char{\nfont-size:25px;\n}\n.av-special-heading.av-av_heading-a7cc6ce5314ff2594bed571d3ad2727a .av-subheading{\nfont-size:15px;\n}\n<\/style>\n<div  class='av-special-heading av-av_heading-a7cc6ce5314ff2594bed571d3ad2727a av-special-heading-h3 blockquote modern-quote  avia-builder-el-12  avia-builder-el-no-sibling '><h3 class='av-special-heading-tag '  itemprop=\"headline\"  >1. CARACTERISTICI TEHNICE<\/h3><div class='av-subheading av-subheading_below'><p>SACD este un sistem informa\u0163ional tipizat, distribuit, stratificat pe func\u0163iuni. Sistemul este proiectat \u015fi realizat pe baza a dou\u0103 p\u0103r\u0163i distincte, interdependente: instala\u0163ia automat\u0103 de c\u00e2nt\u0103rire-dozare &#8211; IACD \u015fi unitatea central\u0103, cu observa\u0163ia c\u0103 IACD poate asigura \u015fi independent buna func\u0163ionare a procesului tehnologic.<\/p>\n<\/div><div class=\"special-heading-border\"><div class=\"special-heading-inner-border\"><\/div><\/div><\/div><\/div>\n<style type=\"text\/css\" data-created_by=\"avia_inline_auto\" id=\"style-css-av-av_two_third-9497bbf8bff73ea4c6992cc17fa9ec36\">\n.flex_column.av-av_two_third-9497bbf8bff73ea4c6992cc17fa9ec36{\nborder-radius:0px 0px 0px 0px;\npadding:0px 0px 0px 0px;\n}\n<\/style>\n<div  class='flex_column av-av_two_third-9497bbf8bff73ea4c6992cc17fa9ec36 av_two_third  avia-builder-el-13  el_after_av_one_full  el_before_av_one_third  first flex_column_div av-zero-column-padding  column-top-margin'     ><style type=\"text\/css\" data-created_by=\"avia_inline_auto\" id=\"style-css-av-av_textblock-fae8699d538200a543ba402659dba9b0\">\n#top .av_textblock_section.av-av_textblock-fae8699d538200a543ba402659dba9b0 .avia_textblock{\nfont-size:16px;\n}\n<\/style>\n<section  class='av_textblock_section av-av_textblock-fae8699d538200a543ba402659dba9b0 '   itemscope=\"itemscope\" itemtype=\"https:\/\/schema.org\/CreativeWork\" ><div class='avia_textblock'  itemprop=\"text\" ><div>1.1. Instala\u0163ia automat\u0103 de c\u00e2nt\u0103rire-dozare &#8211; IACD<\/div>\n<div class=\"content\">\n<div class=\"text\">\n<p>Instala\u0163ia automat\u0103 de c\u00e2nt\u0103rire-dozare &#8211; IACD este realizat\u0103 cu componente energoneintensive, provenind din import, care asigur\u0103 sistemului o fiabilitate ridicat\u0103. Echipamentele electrice \u015fi electronice sunt de concep\u0163ie ROMCONVERT \u015fi sunt realizate cu componente Philips, Analog Devices, Siemens, Phoenix Contact \u015fi OMRON.<\/p>\n<p>IACD asigur\u0103 prelucrarea semnalului analogic corespunz\u0103tor masei ingredientelor care intr\u0103 \u00een componen\u0163a unei anumite re\u0163ete de fabrica\u0163ie, prin intermediul microcalculatorului \u00eencorporat.<\/p>\n<\/div>\n<\/div>\n<p>Pe baza informa\u0163iilor numerice provenite de la procesul tehnologic se realizeaz\u0103 toate func\u0163iile specifice procesului de c\u00e2nt\u0103rire-dozare:<\/p>\n<ul>\n<li>comanda automat\u0103\/manual\u0103 a extrac\u0163iei din bunc\u0103rele de dozare, cu posibilitatea doz\u0103rii volumetrice, prin control de timp programabil, \u015fi\/sau c\u00e2nt\u0103rire gravimetric\u0103, prin intermediul semnalului provenit de la celulele de sarcin\u0103 (dozele tensometrice) montate pe c\u00e2ntare;<\/li>\n<li>comanda automat\u0103\/manual\u0103 a \u015fib\u0103relor c\u00e2ntarelor;<\/li>\n<li>comanda automat\u0103\/manual\u0103 a deviatoarelor de flux de material dozat \u00een cazul exis\u0163entei mai multor malaxoare (omogenizatoare);<\/li>\n<li>comanda automat\u0103\/manual\u0103 a \u015fib\u0103relor amestec\u0103toarelor;<\/li>\n<li>tarare automat\u0103;<\/li>\n<li>corec\u0163ia automat\u0103 a erorilor dinamice;<\/li>\n<li>vizualizarea func\u0163ion\u0103rii utilajelor aferente \u00eentregului flux tehnologic prin intermediul unui panou sinoptic;<\/li>\n<li>tip\u0103rirea la imprimant\u0103 a rapoartelor de fabrica\u0163ie;<\/li>\n<li>posibilitatea extinderii \u00een vederea realiz\u0103rii gestiunii centralizate a stocurilor, de la recep\u0163ia materiei prime p\u00e2n\u0103 la livrarea produsului finit.<\/li>\n<\/ul>\n<\/div><\/section><\/div>\n<style type=\"text\/css\" data-created_by=\"avia_inline_auto\" id=\"style-css-av-av_one_third-9c1d454dc06f7247226bc4e8f931daae\">\n.flex_column.av-av_one_third-9c1d454dc06f7247226bc4e8f931daae{\nborder-radius:0px 0px 0px 0px;\npadding:0px 0px 0px 0px;\n}\n<\/style>\n<div  class='flex_column av-av_one_third-9c1d454dc06f7247226bc4e8f931daae av_one_third  avia-builder-el-15  el_after_av_two_third  el_before_av_one_third  flex_column_div av-zero-column-padding  column-top-margin'     ><style type=\"text\/css\" data-created_by=\"avia_inline_auto\" id=\"style-css-av-av_image-0d049ee03ec7e78c3aa99bb99ce40aba\">\n.avia-image-container.av-av_image-0d049ee03ec7e78c3aa99bb99ce40aba img.avia_image{\nbox-shadow:none;\n}\n.avia-image-container.av-av_image-0d049ee03ec7e78c3aa99bb99ce40aba .av-image-caption-overlay-center{\ncolor:#ffffff;\n}\n<\/style>\n<div  class='avia-image-container av-av_image-0d049ee03ec7e78c3aa99bb99ce40aba av-styling- avia-align-center  avia-builder-el-16  avia-builder-el-no-sibling '   itemprop=\"image\" itemscope=\"itemscope\" itemtype=\"https:\/\/schema.org\/ImageObject\" ><div class=\"avia-image-container-inner\"><div class=\"avia-image-overlay-wrap\"><img decoding=\"async\" fetchpriority=\"high\" class='wp-image-3548 avia-img-lazy-loading-not-3548 avia_image ' src=\"https:\/\/www.romconvert.ro\/new\/wp-content\/uploads\/2016\/05\/02-iacd.jpg\" alt='' title='02 iacd'  height=\"214\" width=\"315\"  itemprop=\"thumbnailUrl\" srcset=\"https:\/\/www.romconvert.ro\/new\/wp-content\/uploads\/2016\/05\/02-iacd.jpg 315w, https:\/\/www.romconvert.ro\/new\/wp-content\/uploads\/2016\/05\/02-iacd-300x204.jpg 300w\" sizes=\"(max-width: 315px) 100vw, 315px\" \/><\/div><\/div><\/div><\/div>\n<style type=\"text\/css\" data-created_by=\"avia_inline_auto\" id=\"style-css-av-av_one_third-9497bbf8bff73ea4c6992cc17fa9ec36\">\n.flex_column.av-av_one_third-9497bbf8bff73ea4c6992cc17fa9ec36{\nborder-radius:0px 0px 0px 0px;\npadding:0px 0px 0px 0px;\n}\n<\/style>\n<div  class='flex_column av-av_one_third-9497bbf8bff73ea4c6992cc17fa9ec36 av_one_third  avia-builder-el-17  el_after_av_one_third  el_before_av_two_third  first flex_column_div av-zero-column-padding  column-top-margin'     ><style type=\"text\/css\" data-created_by=\"avia_inline_auto\" id=\"style-css-av-av_image-2dc3c2f3b7d8f1a84e3498f38b6b7b29\">\n.avia-image-container.av-av_image-2dc3c2f3b7d8f1a84e3498f38b6b7b29 img.avia_image{\nbox-shadow:none;\n}\n.avia-image-container.av-av_image-2dc3c2f3b7d8f1a84e3498f38b6b7b29 .av-image-caption-overlay-center{\ncolor:#ffffff;\n}\n<\/style>\n<div  class='avia-image-container av-av_image-2dc3c2f3b7d8f1a84e3498f38b6b7b29 av-styling- avia-align-center  avia-builder-el-18  avia-builder-el-no-sibling '   itemprop=\"image\" itemscope=\"itemscope\" itemtype=\"https:\/\/schema.org\/ImageObject\" ><div class=\"avia-image-container-inner\"><div class=\"avia-image-overlay-wrap\"><img decoding=\"async\" fetchpriority=\"high\" class='wp-image-3551 avia-img-lazy-loading-not-3551 avia_image ' src=\"https:\/\/www.romconvert.ro\/new\/wp-content\/uploads\/2016\/05\/03-sacd.bmp\" alt='' title='03 sacd'  height=\"600\" width=\"800\"  itemprop=\"thumbnailUrl\" srcset=\"https:\/\/www.romconvert.ro\/new\/wp-content\/uploads\/2016\/05\/03-sacd.bmp 800w, https:\/\/www.romconvert.ro\/new\/wp-content\/uploads\/2016\/05\/03-sacd-300x225.bmp 300w, https:\/\/www.romconvert.ro\/new\/wp-content\/uploads\/2016\/05\/03-sacd-705x529.bmp 705w, https:\/\/www.romconvert.ro\/new\/wp-content\/uploads\/2016\/05\/03-sacd-450x338.bmp 450w\" sizes=\"(max-width: 800px) 100vw, 800px\" \/><\/div><\/div><\/div><\/div>\n<style type=\"text\/css\" data-created_by=\"avia_inline_auto\" id=\"style-css-av-av_two_third-9c1d454dc06f7247226bc4e8f931daae\">\n.flex_column.av-av_two_third-9c1d454dc06f7247226bc4e8f931daae{\nborder-radius:0px 0px 0px 0px;\npadding:0px 0px 0px 0px;\n}\n<\/style>\n<div  class='flex_column av-av_two_third-9c1d454dc06f7247226bc4e8f931daae av_two_third  avia-builder-el-19  el_after_av_one_third  avia-builder-el-last  flex_column_div av-zero-column-padding  column-top-margin'     ><style type=\"text\/css\" data-created_by=\"avia_inline_auto\" id=\"style-css-av-av_textblock-fae8699d538200a543ba402659dba9b0\">\n#top .av_textblock_section.av-av_textblock-fae8699d538200a543ba402659dba9b0 .avia_textblock{\nfont-size:16px;\n}\n<\/style>\n<section  class='av_textblock_section av-av_textblock-fae8699d538200a543ba402659dba9b0 '   itemscope=\"itemscope\" itemtype=\"https:\/\/schema.org\/CreativeWork\" ><div class='avia_textblock'  itemprop=\"text\" ><div>1.2. Unitatea central\u0103<\/div>\n<div class=\"text\">\n<p>Unitatea central\u0103 reprezint\u0103 un sistem de calcul de tip PC \u015fi are rolul de a prelucra \u015fi gestiona datele primite de la procesul tehnologic.<\/p>\n<p>Aplica\u0163ia software realizeaz\u0103 urm\u0103toarele func\u0163ii:<\/p>\n<ul>\n<li>programarea produc\u0163iei \u00een func\u0163ie de necesit\u0103\u0163i \u015fi destina\u0163ie;<\/li>\n<li>memorarea unui num\u0103r nelimitat de re\u0163ete, cu posibilitatea introducerii unui num\u0103r maxim de ingrediente pentru fiecare re\u0163et\u0103 (limitarea apare datorit\u0103 num\u0103rului finit de bunc\u0103re aferente doz\u0103rii);<\/li>\n<li>avertizarea automat\u0103 \u00een cazul avariilor din procesul de produc\u0163ie \u015fi prevenirea polu\u0103rii \u015farjelor aflate \u00een lucru, \u00een cazul apari\u0163iei defectelor;<\/li>\n<li>programarea num\u0103rului de \u015farje care trebuie realizate;<\/li>\n<li>programarea temporiz\u0103rilor specifice desf\u0103\u015fur\u0103rii optime a procesului tehnologic;<\/li>\n<li>vizualizarea \u015fi tip\u0103rirea rapoartelor de produc\u0163ie pe fiecare re\u0163et\u0103 \u00een parte, cu specificarea urm\u0103toarelor date: data, ora, codul re\u0163etei, num\u0103rul \u015farjei, codurile ingredientelor, cantitarea prescris\u0103, cantitatea realizat\u0103 etc.;<\/li>\n<li>memorarea datelor referitoare la realizarea produselor finite prin programarea intervalului de timp de re\u0163inere.<\/li>\n<\/ul>\n<\/div>\n<\/div><\/section><\/div>\n\n<\/div><\/div><\/div><!-- close content main div --><\/div><\/div>\n<style type=\"text\/css\" data-created_by=\"avia_inline_auto\" id=\"style-css-av-av_section-c303bff007948d4606c6b6262901e8b5\">\n.avia-section.av-av_section-c303bff007948d4606c6b6262901e8b5{\nbackground-color:#303030;\nbackground-image:unset;\n}\n<\/style>\n<div id='av_section_5'  class='avia-section av-av_section-c303bff007948d4606c6b6262901e8b5 main_color avia-section-default avia-no-border-styling  avia-builder-el-21  el_after_av_section  avia-builder-el-last  avia-bg-style-scroll container_wrap sidebar_right'  ><div class='container av-section-cont-open' ><div class='template-page content  av-content-small alpha units'><div class='post-entry post-entry-type-page post-entry-3538'><div class='entry-content-wrapper clearfix'>\n\n<style type=\"text\/css\" data-created_by=\"avia_inline_auto\" id=\"style-css-av-av_four_fifth-9497bbf8bff73ea4c6992cc17fa9ec36\">\n.flex_column.av-av_four_fifth-9497bbf8bff73ea4c6992cc17fa9ec36{\nborder-radius:0px 0px 0px 0px;\npadding:0px 0px 0px 0px;\n}\n<\/style>\n<div  class='flex_column av-av_four_fifth-9497bbf8bff73ea4c6992cc17fa9ec36 av_four_fifth  avia-builder-el-22  el_before_av_one_fifth  avia-builder-el-first  first flex_column_div av-zero-column-padding  '     ><p>\n<style type=\"text\/css\" data-created_by=\"avia_inline_auto\" id=\"style-css-av-av_heading-da1cdb7ba903fa19ba5f1c3944fa143c\">\n#top .av-special-heading.av-av_heading-da1cdb7ba903fa19ba5f1c3944fa143c{\npadding-bottom:10px;\ncolor:#ffffff;\n}\nbody .av-special-heading.av-av_heading-da1cdb7ba903fa19ba5f1c3944fa143c .av-special-heading-tag .heading-char{\nfont-size:25px;\n}\n.av-special-heading.av-av_heading-da1cdb7ba903fa19ba5f1c3944fa143c .special-heading-inner-border{\nborder-color:#ffffff;\n}\n.av-special-heading.av-av_heading-da1cdb7ba903fa19ba5f1c3944fa143c .av-subheading{\nfont-size:15px;\n}\n<\/style>\n<div  class='av-special-heading av-av_heading-da1cdb7ba903fa19ba5f1c3944fa143c av-special-heading-h3 custom-color-heading blockquote modern-quote  avia-builder-el-23  el_before_av_textblock  avia-builder-el-first '><h3 class='av-special-heading-tag '  itemprop=\"headline\"  >2. COMPONEN\u0162\u0102<\/h3><div class='av_custom_color av-subheading av-subheading_below'><p>Completul de livrare include:<\/p>\n<\/div><div class=\"special-heading-border\"><div class=\"special-heading-inner-border\"><\/div><\/div><\/div><br \/>\n\n<style type=\"text\/css\" data-created_by=\"avia_inline_auto\" id=\"style-css-av-av_textblock-947dee63ef0614bd114f2b0dde479750\">\n#top .av_textblock_section.av-av_textblock-947dee63ef0614bd114f2b0dde479750 .avia_textblock{\nfont-size:16px;\ncolor:#ffffff;\n}\n<\/style>\n<section  class='av_textblock_section av-av_textblock-947dee63ef0614bd114f2b0dde479750 '   itemscope=\"itemscope\" itemtype=\"https:\/\/schema.org\/CreativeWork\" ><div class='avia_textblock av_inherit_color'  itemprop=\"text\" ><ul>\n<ul>\n<ul>\n<ul>\n<li>instala\u0163ie automat\u0103 de c\u00e2nt\u0103rire-dozare &#8211; IACD;<\/li>\n<li>traductoare pentru m\u0103surarea masei ingredientelor (celule de sarcin\u0103);<\/li>\n<li>sistem de calcul PC prev\u0103zut cu monitor, tastatur\u0103 \u015fi imprimant\u0103 matricial\u0103 format A4, pentru tip\u0103rirea rapoartelor de fabrica\u0163ie;<\/li>\n<li>pachet de programe SACD;<\/li>\n<li>licen\u0163e de utilizare a programelor;<\/li>\n<li>documenta\u0163ie tehnic\u0103.<\/li>\n<\/ul>\n<\/ul>\n<\/ul>\n<\/ul>\n<\/div><\/section><\/p><\/div>\n<style type=\"text\/css\" data-created_by=\"avia_inline_auto\" id=\"style-css-av-av_one_fifth-9c1d454dc06f7247226bc4e8f931daae\">\n.flex_column.av-av_one_fifth-9c1d454dc06f7247226bc4e8f931daae{\nborder-radius:0px 0px 0px 0px;\npadding:0px 0px 0px 0px;\n}\n<\/style>\n<div  class='flex_column av-av_one_fifth-9c1d454dc06f7247226bc4e8f931daae av_one_fifth  avia-builder-el-25  el_after_av_four_fifth  avia-builder-el-last  flex_column_div av-zero-column-padding  '     ><\/div>\n<\/div><\/div><\/div><!-- close content main div --><\/div><\/div><div id='after_section_5'  class='main_color av_default_container_wrap container_wrap sidebar_right'  ><div class='container av-section-cont-open' ><div class='template-page content  av-content-small alpha units'><div class='post-entry post-entry-type-page post-entry-3538'><div class='entry-content-wrapper clearfix'>\n","protected":false},"excerpt":{"rendered":"","protected":false},"author":1,"featured_media":0,"parent":0,"menu_order":0,"comment_status":"closed","ping_status":"closed","template":"","meta":{"footnotes":""},"class_list":["post-3538","page","type-page","status-publish","hentry"],"_links":{"self":[{"href":"https:\/\/www.romconvert.ro\/new\/index.php\/wp-json\/wp\/v2\/pages\/3538","targetHints":{"allow":["GET"]}}],"collection":[{"href":"https:\/\/www.romconvert.ro\/new\/index.php\/wp-json\/wp\/v2\/pages"}],"about":[{"href":"https:\/\/www.romconvert.ro\/new\/index.php\/wp-json\/wp\/v2\/types\/page"}],"author":[{"embeddable":true,"href":"https:\/\/www.romconvert.ro\/new\/index.php\/wp-json\/wp\/v2\/users\/1"}],"replies":[{"embeddable":true,"href":"https:\/\/www.romconvert.ro\/new\/index.php\/wp-json\/wp\/v2\/comments?post=3538"}],"version-history":[{"count":12,"href":"https:\/\/www.romconvert.ro\/new\/index.php\/wp-json\/wp\/v2\/pages\/3538\/revisions"}],"predecessor-version":[{"id":3689,"href":"https:\/\/www.romconvert.ro\/new\/index.php\/wp-json\/wp\/v2\/pages\/3538\/revisions\/3689"}],"wp:attachment":[{"href":"https:\/\/www.romconvert.ro\/new\/index.php\/wp-json\/wp\/v2\/media?parent=3538"}],"curies":[{"name":"wp","href":"https:\/\/api.w.org\/{rel}","templated":true}]}}