{"id":3561,"date":"2016-05-30T13:02:37","date_gmt":"2016-05-30T13:02:37","guid":{"rendered":"http:\/\/www.romconvert.ro\/new\/?page_id=3561"},"modified":"2016-06-06T08:28:43","modified_gmt":"2016-06-06T08:28:43","slug":"eacr","status":"publish","type":"page","link":"https:\/\/www.romconvert.ro\/new\/index.php\/eacr\/","title":{"rendered":"EACR"},"content":{"rendered":"\n<style type=\"text\/css\" data-created_by=\"avia_inline_auto\" id=\"style-css-av-av_section-541a21edc89c4228c055bf0ea5d58e9e\">\n.avia-section.av-av_section-541a21edc89c4228c055bf0ea5d58e9e{\nbackground-color:#303030;\nbackground-image:unset;\n}\n<\/style>\n<div id='av_section_1'  class='avia-section av-av_section-541a21edc89c4228c055bf0ea5d58e9e main_color avia-section-default avia-no-shadow  avia-builder-el-0  el_before_av_section  avia-builder-el-first  avia-bg-style-scroll container_wrap sidebar_right'  ><div class='container av-section-cont-open' ><main  role=\"main\" itemprop=\"mainContentOfPage\"  class='template-page content  av-content-small alpha units'><div class='post-entry post-entry-type-page post-entry-3561'><div class='entry-content-wrapper clearfix'>\n<section  class='av_textblock_section av-av_textblock-0366cc7376be6c9e82a3e9cc8987b64f '   itemscope=\"itemscope\" itemtype=\"https:\/\/schema.org\/CreativeWork\" ><div class='avia_textblock'  itemprop=\"text\" ><h3 style=\"text-align: center;\"><span style=\"color: #ffffff;\">SISTEM AUTOMAT DE MONITORIZARE A PROCESELOR DE C\u0102LIRE &#8211; EACR<\/span><\/h3>\n<\/div><\/section>\n\n<\/div><\/div><\/main><!-- close content main element --><\/div><\/div><div id='av_section_2'  class='avia-section av-av_section-915b33fd1d6006bfc684ade488387eaf main_color avia-section-default avia-no-border-styling  avia-builder-el-2  el_after_av_section  el_before_av_section  avia-bg-style-scroll container_wrap sidebar_right'  ><div class='container av-section-cont-open' ><div class='template-page content  av-content-small alpha units'><div class='post-entry post-entry-type-page post-entry-3561'><div class='entry-content-wrapper clearfix'>\n\n<style type=\"text\/css\" data-created_by=\"avia_inline_auto\" id=\"style-css-av-av_heading-022a608ea2e2dd5dd78bb12921b9d01e\">\n#top .av-special-heading.av-av_heading-022a608ea2e2dd5dd78bb12921b9d01e{\npadding-bottom:10px;\ncolor:#020202;\n}\nbody .av-special-heading.av-av_heading-022a608ea2e2dd5dd78bb12921b9d01e .av-special-heading-tag .heading-char{\nfont-size:25px;\n}\n.av-special-heading.av-av_heading-022a608ea2e2dd5dd78bb12921b9d01e .special-heading-inner-border{\nborder-color:#020202;\n}\n.av-special-heading.av-av_heading-022a608ea2e2dd5dd78bb12921b9d01e .av-subheading{\nfont-size:16px;\n}\n<\/style>\n<div  class='av-special-heading av-av_heading-022a608ea2e2dd5dd78bb12921b9d01e av-special-heading-h2 custom-color-heading blockquote modern-quote modern-centered  avia-builder-el-3  avia-builder-el-no-sibling '><h2 class='av-special-heading-tag '  itemprop=\"headline\"  >Informa\u021bii Generale<\/h2><div class='av_custom_color av-subheading av-subheading_below'><p>Sistemul automat de monitorizare a proceselor de c\u0103lire &#8211; EACR asigur\u0103, pe baza datelor culese automat din procesul tehnologic, supravegherea \u015fi reglarea temperaturii de lucru existente \u00een interiorul cuptoarelor rezistive.<\/p>\n<\/div><div class=\"special-heading-border\"><div class=\"special-heading-inner-border\"><\/div><\/div><\/div>\n<\/div><\/div><\/div><!-- close content main div --><\/div><\/div><div id='av_section_3'  class='avia-section av-av_section-d18d8c2c81d10022ebd21ffa95322c35 main_color avia-section-default avia-no-shadow  avia-builder-el-4  el_after_av_section  el_before_av_section  avia-bg-style-scroll container_wrap sidebar_right'  ><div class='container av-section-cont-open' ><div class='template-page content  av-content-small alpha units'><div class='post-entry post-entry-type-page post-entry-3561'><div class='entry-content-wrapper clearfix'>\n\n<style type=\"text\/css\" data-created_by=\"avia_inline_auto\" id=\"style-css-av-av_two_third-9497bbf8bff73ea4c6992cc17fa9ec36\">\n.flex_column.av-av_two_third-9497bbf8bff73ea4c6992cc17fa9ec36{\nborder-radius:0px 0px 0px 0px;\npadding:0px 0px 0px 0px;\n}\n<\/style>\n<div  class='flex_column av-av_two_third-9497bbf8bff73ea4c6992cc17fa9ec36 av_two_third  avia-builder-el-5  el_before_av_one_third  avia-builder-el-first  first flex_column_div av-zero-column-padding  '     ><p>\n<style type=\"text\/css\" data-created_by=\"avia_inline_auto\" id=\"style-css-av-av_heading-ddd9a3823d3d7861b26b9c7c3bb7df41\">\n#top .av-special-heading.av-av_heading-ddd9a3823d3d7861b26b9c7c3bb7df41{\npadding-bottom:10px;\n}\nbody .av-special-heading.av-av_heading-ddd9a3823d3d7861b26b9c7c3bb7df41 .av-special-heading-tag .heading-char{\nfont-size:25px;\n}\n.av-special-heading.av-av_heading-ddd9a3823d3d7861b26b9c7c3bb7df41 .av-subheading{\nfont-size:15px;\n}\n<\/style>\n<div  class='av-special-heading av-av_heading-ddd9a3823d3d7861b26b9c7c3bb7df41 av-special-heading-h3 blockquote modern-quote  avia-builder-el-6  el_before_av_textblock  avia-builder-el-first '><h3 class='av-special-heading-tag '  itemprop=\"headline\"  >Informa\u021bii generale<\/h3><div class='av-subheading av-subheading_below'><p>Sistemul de achizi\u0163ie de date este bazat pe o structur\u0103 hardware controlat\u0103 de microprocesor. Aplica\u0163ia software de achizi\u0163ie \u015fi prelucrare a datelor lucreaz\u0103 \u00een timp real, permi\u0163\u00e2nd corec\u0163ii rapide asupra parametrilor procesului tehnologic de c\u0103lire.<\/p>\n<p>Datele referitoare la temperaturile dezvoltate \u00een diferite zone din interiorul cuptorului rezistiv, intervalele de timp scurse \u00eentre diferite faze ale procesului, precum \u015fi starea utilajelor sunt gestionate de c\u0103tre un calculator central, informa\u0163iile furnizate utilizatorului fiind grupate pe categorii:<\/p>\n<\/div><div class=\"special-heading-border\"><div class=\"special-heading-inner-border\"><\/div><\/div><\/div><br \/>\n\n<style type=\"text\/css\" data-created_by=\"avia_inline_auto\" id=\"style-css-av-av_textblock-fae8699d538200a543ba402659dba9b0\">\n#top .av_textblock_section.av-av_textblock-fae8699d538200a543ba402659dba9b0 .avia_textblock{\nfont-size:16px;\n}\n<\/style>\n<section  class='av_textblock_section av-av_textblock-fae8699d538200a543ba402659dba9b0 '   itemscope=\"itemscope\" itemtype=\"https:\/\/schema.org\/CreativeWork\" ><div class='avia_textblock'  itemprop=\"text\" ><ul>\n<ul>\n<ul>\n<li>diagrame ale evolu\u0163iei \u00een timp a procesului tehnologic de c\u0103lire;<\/li>\n<li>grafic\u0103 animat\u0103 prin intermediul c\u0103reia se prezint\u0103 procesul tehnologic \u015fi semnaliz\u0103rile corespunz\u0103toare;<\/li>\n<li>informa\u0163ii referitoare la valorile momentane ale parametrilor instala\u0163iei;<\/li>\n<li>alarme;<\/li>\n<li>memorarea diagramelor evolu\u0163iei \u00een timp a proceselor tehnologice de c\u0103lire;<\/li>\n<li>tip\u0103rirea rapoartelor de lucru.<\/li>\n<\/ul>\n<\/ul>\n<\/ul>\n<\/div><\/section><\/p><\/div>\n<style type=\"text\/css\" data-created_by=\"avia_inline_auto\" id=\"style-css-av-av_one_third-9c1d454dc06f7247226bc4e8f931daae\">\n.flex_column.av-av_one_third-9c1d454dc06f7247226bc4e8f931daae{\nborder-radius:0px 0px 0px 0px;\npadding:0px 0px 0px 0px;\n}\n<\/style>\n<div  class='flex_column av-av_one_third-9c1d454dc06f7247226bc4e8f931daae av_one_third  avia-builder-el-8  el_after_av_two_third  avia-builder-el-last  flex_column_div av-zero-column-padding  '     ><style type=\"text\/css\" data-created_by=\"avia_inline_auto\" id=\"style-css-av-av_image-308daad7973d10108c2ce77e1df75153\">\n.avia-image-container.av-av_image-308daad7973d10108c2ce77e1df75153 img.avia_image{\nbox-shadow:none;\n}\n.avia-image-container.av-av_image-308daad7973d10108c2ce77e1df75153 .av-image-caption-overlay-center{\ncolor:#ffffff;\n}\n<\/style>\n<div  class='avia-image-container av-av_image-308daad7973d10108c2ce77e1df75153 av-styling- avia-align-center  avia-builder-el-9  avia-builder-el-no-sibling '   itemprop=\"image\" itemscope=\"itemscope\" itemtype=\"https:\/\/schema.org\/ImageObject\" ><div class=\"avia-image-container-inner\"><div class=\"avia-image-overlay-wrap\"><img decoding=\"async\" fetchpriority=\"high\" class='wp-image-3565 avia-img-lazy-loading-not-3565 avia_image ' src=\"https:\/\/www.romconvert.ro\/new\/wp-content\/uploads\/2016\/05\/01-imaginea-mare.bmp\" alt='' title='01 imaginea mare'  height=\"600\" width=\"800\"  itemprop=\"thumbnailUrl\" srcset=\"https:\/\/www.romconvert.ro\/new\/wp-content\/uploads\/2016\/05\/01-imaginea-mare.bmp 800w, https:\/\/www.romconvert.ro\/new\/wp-content\/uploads\/2016\/05\/01-imaginea-mare-300x225.bmp 300w, https:\/\/www.romconvert.ro\/new\/wp-content\/uploads\/2016\/05\/01-imaginea-mare-705x529.bmp 705w, https:\/\/www.romconvert.ro\/new\/wp-content\/uploads\/2016\/05\/01-imaginea-mare-450x338.bmp 450w\" sizes=\"(max-width: 800px) 100vw, 800px\" \/><\/div><\/div><\/div><\/div>\n<\/p>\n<\/div><\/div><\/div><!-- close content main div --><\/div><\/div>\n<style type=\"text\/css\" data-created_by=\"avia_inline_auto\" id=\"style-css-av-av_section-c303bff007948d4606c6b6262901e8b5\">\n.avia-section.av-av_section-c303bff007948d4606c6b6262901e8b5{\nbackground-color:#303030;\nbackground-image:unset;\n}\n<\/style>\n<div id='av_section_4'  class='avia-section av-av_section-c303bff007948d4606c6b6262901e8b5 main_color avia-section-default avia-no-border-styling  avia-builder-el-10  el_after_av_section  avia-builder-el-last  avia-bg-style-scroll container_wrap sidebar_right'  ><div class='container av-section-cont-open' ><div class='template-page content  av-content-small alpha units'><div class='post-entry post-entry-type-page post-entry-3561'><div class='entry-content-wrapper clearfix'>\n<section  class='av_textblock_section av-av_textblock-0366cc7376be6c9e82a3e9cc8987b64f '   itemscope=\"itemscope\" itemtype=\"https:\/\/schema.org\/CreativeWork\" ><div class='avia_textblock'  itemprop=\"text\" ><div class=\"bottom-box\">\n<p><span style=\"color: #ffffff;\">Programarea parametrilor ciclului de c\u0103lire se poate realiza at\u00e2t de la tastatura automatului programabil c\u00e2t \u015fi de la tastatura PC-ului.<\/span><\/p>\n<p><span style=\"color: #ffffff;\">Procesul tehnologic poate fi controlat \u00een totalitate de c\u0103tre automatul programabil, utilizarea PC-ului aduc\u00e2nd un plus major de calitate \u00een ceea ce prive\u015fte: vizualizarea evolu\u0163iei \u00een timp a procesului de c\u0103lire, supravegherea confortabil\u0103 a alarmelor \u015fi, implicit, localizarea echipamentelor de automatizare defecte, memorarea unui num\u0103r oric\u00e2t de mare de \u015farje de c\u0103lire realizate precum \u015fi tip\u0103rirea oric\u0103reia dintre ele etc.<\/span><\/p>\n<p><span style=\"color: #ffffff;\">EACR este conceput astfel \u00eenc\u00e2t transferul de date dintre automatul programabil \u015fi PC s\u0103 se poat\u0103 realiza \u00een orice faz\u0103 a unui proces de c\u0103lire aflat \u00een desf\u0103\u015furare, f\u0103r\u0103 pierdere de informa\u0163ii de la momentul ini\u0163ierii \u015farjei \u015fi p\u00e2n\u0103 la momentul stabilirii comunica\u0163iei.<\/span><\/p>\n<\/div>\n<\/div><\/section>\n<\/div><\/div><\/div><!-- close content main div --><\/div><\/div><div id='after_section_4'  class='main_color av_default_container_wrap container_wrap sidebar_right'  ><div class='container av-section-cont-open' ><div class='template-page content  av-content-small alpha units'><div class='post-entry post-entry-type-page post-entry-3561'><div class='entry-content-wrapper clearfix'>\n","protected":false},"excerpt":{"rendered":"","protected":false},"author":1,"featured_media":0,"parent":0,"menu_order":0,"comment_status":"closed","ping_status":"closed","template":"","meta":{"footnotes":""},"class_list":["post-3561","page","type-page","status-publish","hentry"],"_links":{"self":[{"href":"https:\/\/www.romconvert.ro\/new\/index.php\/wp-json\/wp\/v2\/pages\/3561","targetHints":{"allow":["GET"]}}],"collection":[{"href":"https:\/\/www.romconvert.ro\/new\/index.php\/wp-json\/wp\/v2\/pages"}],"about":[{"href":"https:\/\/www.romconvert.ro\/new\/index.php\/wp-json\/wp\/v2\/types\/page"}],"author":[{"embeddable":true,"href":"https:\/\/www.romconvert.ro\/new\/index.php\/wp-json\/wp\/v2\/users\/1"}],"replies":[{"embeddable":true,"href":"https:\/\/www.romconvert.ro\/new\/index.php\/wp-json\/wp\/v2\/comments?post=3561"}],"version-history":[{"count":4,"href":"https:\/\/www.romconvert.ro\/new\/index.php\/wp-json\/wp\/v2\/pages\/3561\/revisions"}],"predecessor-version":[{"id":3691,"href":"https:\/\/www.romconvert.ro\/new\/index.php\/wp-json\/wp\/v2\/pages\/3561\/revisions\/3691"}],"wp:attachment":[{"href":"https:\/\/www.romconvert.ro\/new\/index.php\/wp-json\/wp\/v2\/media?parent=3561"}],"curies":[{"name":"wp","href":"https:\/\/api.w.org\/{rel}","templated":true}]}}