{"id":3567,"date":"2016-05-30T13:09:34","date_gmt":"2016-05-30T13:09:34","guid":{"rendered":"http:\/\/www.romconvert.ro\/new\/?page_id=3567"},"modified":"2016-06-06T08:29:50","modified_gmt":"2016-06-06T08:29:50","slug":"sgpr","status":"publish","type":"page","link":"https:\/\/www.romconvert.ro\/new\/index.php\/sgpr\/","title":{"rendered":"SGPR"},"content":{"rendered":"\n<style type=\"text\/css\" data-created_by=\"avia_inline_auto\" id=\"style-css-av-av_section-541a21edc89c4228c055bf0ea5d58e9e\">\n.avia-section.av-av_section-541a21edc89c4228c055bf0ea5d58e9e{\nbackground-color:#303030;\nbackground-image:unset;\n}\n<\/style>\n<div id='av_section_1'  class='avia-section av-av_section-541a21edc89c4228c055bf0ea5d58e9e main_color avia-section-default avia-no-shadow  avia-builder-el-0  el_before_av_section  avia-builder-el-first  avia-bg-style-scroll container_wrap sidebar_right'  ><div class='container av-section-cont-open' ><main  role=\"main\" itemprop=\"mainContentOfPage\"  class='template-page content  av-content-small alpha units'><div class='post-entry post-entry-type-page post-entry-3567'><div class='entry-content-wrapper clearfix'>\n<section  class='av_textblock_section av-av_textblock-0366cc7376be6c9e82a3e9cc8987b64f '   itemscope=\"itemscope\" itemtype=\"https:\/\/schema.org\/CreativeWork\" ><div class='avia_textblock'  itemprop=\"text\" ><h3 style=\"text-align: center;\"><span style=\"color: #ffffff;\">SISTEM DE GESTIUNE A STOCURILOR DIN PARCURILE DE REZERVOARE &#8211; SGPR<\/span><\/h3>\n<\/div><\/section>\n\n<\/div><\/div><\/main><!-- close content main element --><\/div><\/div><div id='av_section_2'  class='avia-section av-av_section-915b33fd1d6006bfc684ade488387eaf main_color avia-section-default avia-no-border-styling  avia-builder-el-2  el_after_av_section  el_before_av_section  avia-bg-style-scroll container_wrap sidebar_right'  ><div class='container av-section-cont-open' ><div class='template-page content  av-content-small alpha units'><div class='post-entry post-entry-type-page post-entry-3567'><div class='entry-content-wrapper clearfix'>\n\n<style type=\"text\/css\" data-created_by=\"avia_inline_auto\" id=\"style-css-av-av_heading-022a608ea2e2dd5dd78bb12921b9d01e\">\n#top .av-special-heading.av-av_heading-022a608ea2e2dd5dd78bb12921b9d01e{\npadding-bottom:10px;\ncolor:#020202;\n}\nbody .av-special-heading.av-av_heading-022a608ea2e2dd5dd78bb12921b9d01e .av-special-heading-tag .heading-char{\nfont-size:25px;\n}\n.av-special-heading.av-av_heading-022a608ea2e2dd5dd78bb12921b9d01e .special-heading-inner-border{\nborder-color:#020202;\n}\n.av-special-heading.av-av_heading-022a608ea2e2dd5dd78bb12921b9d01e .av-subheading{\nfont-size:16px;\n}\n<\/style>\n<div  class='av-special-heading av-av_heading-022a608ea2e2dd5dd78bb12921b9d01e av-special-heading-h2 custom-color-heading blockquote modern-quote modern-centered  avia-builder-el-3  avia-builder-el-no-sibling '><h2 class='av-special-heading-tag '  itemprop=\"headline\"  >Informa\u021bii Generale<\/h2><div class='av_custom_color av-subheading av-subheading_below'><p>Sistemul automat de m\u0103surare a nivelurilor \u015fi gestiune a stocurilor &#8211; SGPR permite supravegherea permanent\u0103 a produselor vehiculate sau depozitate \u00een parcurile de rezervoare apar\u0163in\u00e2nd unit\u0103\u0163ilor economice din industriile chimic\u0103, petrochimic\u0103, petrolier\u0103 \u015fi alimentar\u0103.<\/p>\n<\/div><div class=\"special-heading-border\"><div class=\"special-heading-inner-border\"><\/div><\/div><\/div>\n<\/div><\/div><\/div><!-- close content main div --><\/div><\/div><div id='av_section_3'  class='avia-section av-av_section-d18d8c2c81d10022ebd21ffa95322c35 main_color avia-section-default avia-no-shadow  avia-builder-el-4  el_after_av_section  el_before_av_section  avia-bg-style-scroll container_wrap sidebar_right'  ><div class='container av-section-cont-open' ><div class='template-page content  av-content-small alpha units'><div class='post-entry post-entry-type-page post-entry-3567'><div class='entry-content-wrapper clearfix'>\n\n<style type=\"text\/css\" data-created_by=\"avia_inline_auto\" id=\"style-css-av-av_two_third-9497bbf8bff73ea4c6992cc17fa9ec36\">\n.flex_column.av-av_two_third-9497bbf8bff73ea4c6992cc17fa9ec36{\nborder-radius:0px 0px 0px 0px;\npadding:0px 0px 0px 0px;\n}\n<\/style>\n<div  class='flex_column av-av_two_third-9497bbf8bff73ea4c6992cc17fa9ec36 av_two_third  avia-builder-el-5  el_before_av_one_third  avia-builder-el-first  first flex_column_div av-zero-column-padding  '     ><p>\n<style type=\"text\/css\" data-created_by=\"avia_inline_auto\" id=\"style-css-av-av_heading-8f45b284618640a736080a984066f872\">\n#top .av-special-heading.av-av_heading-8f45b284618640a736080a984066f872{\npadding-bottom:10px;\n}\nbody .av-special-heading.av-av_heading-8f45b284618640a736080a984066f872 .av-special-heading-tag .heading-char{\nfont-size:25px;\n}\n.av-special-heading.av-av_heading-8f45b284618640a736080a984066f872 .av-subheading{\nfont-size:15px;\n}\n<\/style>\n<div  class='av-special-heading av-av_heading-8f45b284618640a736080a984066f872 av-special-heading-h3 blockquote modern-quote  avia-builder-el-6  el_before_av_textblock  avia-builder-el-first '><h3 class='av-special-heading-tag '  itemprop=\"headline\"  >Informa\u021bii generale<\/h3><div class='av-subheading av-subheading_below'><p>Datele referitoare la nivelurile \u015fi temperaturile medii ale produselor aflate \u00een rezervoare sunt transmise la un calculator central unde, prin intermediul unui program specializat, sunt prelucrate \u015fi afi\u015fate.<\/p>\n<p>Operatorului \u00eei sunt furnizate informa\u0163ii referitoare la:<\/p>\n<\/div><div class=\"special-heading-border\"><div class=\"special-heading-inner-border\"><\/div><\/div><\/div><br \/>\n\n<style type=\"text\/css\" data-created_by=\"avia_inline_auto\" id=\"style-css-av-av_textblock-fae8699d538200a543ba402659dba9b0\">\n#top .av_textblock_section.av-av_textblock-fae8699d538200a543ba402659dba9b0 .avia_textblock{\nfont-size:16px;\n}\n<\/style>\n<section  class='av_textblock_section av-av_textblock-fae8699d538200a543ba402659dba9b0 '   itemscope=\"itemscope\" itemtype=\"https:\/\/schema.org\/CreativeWork\" ><div class='avia_textblock'  itemprop=\"text\" ><ul>\n<ul>\n<ul>\n<li>nivelul, temperatura, volumul, masa, densitatea, tipul produsului depozitat \u00een fiecare rezervor \u00een parte;<\/li>\n<li>cantit\u0103\u0163ile totale de produse aflate \u00een parc, sortate pe categorii;<\/li>\n<li>evolu\u0163ia \u00een timp a mi\u015fc\u0103rii produselor;<\/li>\n<li>alarme;<\/li>\n<li>tip\u0103rirea rapoartelor de gestiune;<\/li>\n<li>statistici referitoare la dinamica activit\u0103\u0163ii defalcate pe: produse, intervale de timp etc.<\/li>\n<\/ul>\n<\/ul>\n<\/ul>\n<\/div><\/section><br \/>\n<section  class='av_textblock_section av-av_textblock-0366cc7376be6c9e82a3e9cc8987b64f '   itemscope=\"itemscope\" itemtype=\"https:\/\/schema.org\/CreativeWork\" ><div class='avia_textblock'  itemprop=\"text\" ><p>Ob\u0163inerea tuturor acestor informa\u0163ii implic\u0103 cunoa\u015fterea \u015fi interpretarea datelor de calibrare a rezervoarelor, precizia fiind maxim\u0103 \u00een cazul vaselor de depozitare de tip vertical, cu diametre mici.<\/p>\n<\/div><\/section><\/p><\/div>\n<style type=\"text\/css\" data-created_by=\"avia_inline_auto\" id=\"style-css-av-av_one_third-9c1d454dc06f7247226bc4e8f931daae\">\n.flex_column.av-av_one_third-9c1d454dc06f7247226bc4e8f931daae{\nborder-radius:0px 0px 0px 0px;\npadding:0px 0px 0px 0px;\n}\n<\/style>\n<div  class='flex_column av-av_one_third-9c1d454dc06f7247226bc4e8f931daae av_one_third  avia-builder-el-9  el_after_av_two_third  avia-builder-el-last  flex_column_div av-zero-column-padding  '     ><style type=\"text\/css\" data-created_by=\"avia_inline_auto\" id=\"style-css-av-av_image-7089cc2c4f3a14a10297bdcb51ef5032\">\n.avia-image-container.av-av_image-7089cc2c4f3a14a10297bdcb51ef5032 img.avia_image{\nbox-shadow:none;\n}\n.avia-image-container.av-av_image-7089cc2c4f3a14a10297bdcb51ef5032 .av-image-caption-overlay-center{\ncolor:#ffffff;\n}\n<\/style>\n<div  class='avia-image-container av-av_image-7089cc2c4f3a14a10297bdcb51ef5032 av-styling- avia-align-center  avia-builder-el-10  avia-builder-el-no-sibling '   itemprop=\"image\" itemscope=\"itemscope\" itemtype=\"https:\/\/schema.org\/ImageObject\" ><div class=\"avia-image-container-inner\"><div class=\"avia-image-overlay-wrap\"><img decoding=\"async\" fetchpriority=\"high\" class='wp-image-3571 avia-img-lazy-loading-not-3571 avia_image ' src=\"https:\/\/www.romconvert.ro\/new\/wp-content\/uploads\/2016\/05\/01-imaginea-mare.gif\" alt='' title='01 imaginea mare'  height=\"292\" width=\"500\"  itemprop=\"thumbnailUrl\"  \/><\/div><\/div><\/div><\/div>\n<\/p>\n<\/div><\/div><\/div><!-- close content main div --><\/div><\/div>\n<style type=\"text\/css\" data-created_by=\"avia_inline_auto\" id=\"style-css-av-av_section-c303bff007948d4606c6b6262901e8b5\">\n.avia-section.av-av_section-c303bff007948d4606c6b6262901e8b5{\nbackground-color:#303030;\nbackground-image:unset;\n}\n<\/style>\n<div id='av_section_4'  class='avia-section av-av_section-c303bff007948d4606c6b6262901e8b5 main_color avia-section-default avia-no-border-styling  avia-builder-el-11  el_after_av_section  avia-builder-el-last  avia-bg-style-scroll container_wrap sidebar_right'  ><div class='container av-section-cont-open' ><div class='template-page content  av-content-small alpha units'><div class='post-entry post-entry-type-page post-entry-3567'><div class='entry-content-wrapper clearfix'>\n<section  class='av_textblock_section av-av_textblock-0366cc7376be6c9e82a3e9cc8987b64f '   itemscope=\"itemscope\" itemtype=\"https:\/\/schema.org\/CreativeWork\" ><div class='avia_textblock'  itemprop=\"text\" ><div class=\"bottom-box\">\n<p><span style=\"color: #ffffff;\">Sistemul poate fi completat cu un modul de supraveghere centralizat\u0103 \u015fi, eventual, stingere a incendiilor, pentru situa\u0163ia \u00een care \u00een rezervoare sunt depozitate produse combustibile.<\/span><\/p>\n<p><span style=\"color: #ffffff;\">Alegerea celui mai potrivit traductor pentru m\u0103surarea nivelului &#8211; radar, cu plutitor, cu ultrasunete, magnetostrictiv, capacitiv, hidrostatic, gravita\u0163ional etc. &#8211; se face \u0163in\u00e2nd cont de restric\u0163iile legate de natura produsului m\u0103surat, de condi\u0163iile de m\u0103sur\u0103, de precizia dorit\u0103 \u015fi, nu \u00een ultimul r\u00e2nd, de pre\u0163ul de cost.<\/span><\/p>\n<p><span style=\"color: #ffffff;\">Prin alegerea adecvat\u0103 a tipului de traductor de m\u0103surare a nivelului, SGPR poate fi adaptat \u015fi pentru situa\u0163iile \u00een care se impune determinarea nivelului unor produse granulare sau pulverulente.<\/span><\/p>\n<\/div>\n<\/div><\/section>\n<\/div><\/div><\/div><!-- close content main div --><\/div><\/div><div id='after_section_4'  class='main_color av_default_container_wrap container_wrap sidebar_right'  ><div class='container av-section-cont-open' ><div class='template-page content  av-content-small alpha units'><div class='post-entry post-entry-type-page post-entry-3567'><div class='entry-content-wrapper clearfix'>\n","protected":false},"excerpt":{"rendered":"","protected":false},"author":1,"featured_media":0,"parent":0,"menu_order":0,"comment_status":"closed","ping_status":"closed","template":"","meta":{"footnotes":""},"class_list":["post-3567","page","type-page","status-publish","hentry"],"_links":{"self":[{"href":"https:\/\/www.romconvert.ro\/new\/index.php\/wp-json\/wp\/v2\/pages\/3567","targetHints":{"allow":["GET"]}}],"collection":[{"href":"https:\/\/www.romconvert.ro\/new\/index.php\/wp-json\/wp\/v2\/pages"}],"about":[{"href":"https:\/\/www.romconvert.ro\/new\/index.php\/wp-json\/wp\/v2\/types\/page"}],"author":[{"embeddable":true,"href":"https:\/\/www.romconvert.ro\/new\/index.php\/wp-json\/wp\/v2\/users\/1"}],"replies":[{"embeddable":true,"href":"https:\/\/www.romconvert.ro\/new\/index.php\/wp-json\/wp\/v2\/comments?post=3567"}],"version-history":[{"count":5,"href":"https:\/\/www.romconvert.ro\/new\/index.php\/wp-json\/wp\/v2\/pages\/3567\/revisions"}],"predecessor-version":[{"id":3692,"href":"https:\/\/www.romconvert.ro\/new\/index.php\/wp-json\/wp\/v2\/pages\/3567\/revisions\/3692"}],"wp:attachment":[{"href":"https:\/\/www.romconvert.ro\/new\/index.php\/wp-json\/wp\/v2\/media?parent=3567"}],"curies":[{"name":"wp","href":"https:\/\/api.w.org\/{rel}","templated":true}]}}